{"id":2721,"date":"2024-01-03T10:30:53","date_gmt":"2024-01-03T09:30:53","guid":{"rendered":"https:\/\/renoprofi.com\/?post_type=product&#038;p=2721"},"modified":"2024-02-01T13:16:02","modified_gmt":"2024-02-01T12:16:02","slug":"buse-de-pistolet-de-poudrage-electrostatique","status":"publish","type":"product","link":"https:\/\/renoprofi.com\/index.php\/produit\/buse-de-pistolet-de-poudrage-electrostatique\/","title":{"rendered":"Buse de pistolet de poudrage \u00e9lectrostatique"},"content":{"rendered":"<p>Buse de pistolet de pulv\u00e9risation \u00e9lectrostatique,<br \/>\nr\u00e9sistance \u00e0 haute temp\u00e9rature, r\u00e9sistance au frottement, isolation, surface lisse sans accumulation de poudre, durable.Compatible avec la plupart des pistolets \u00e0 poudre \u00e9lectrostatiques.<br \/>\nAccessoires de pi\u00e8ces de pistolet \u00e9lectrostatique.<\/p>\n","protected":false},"excerpt":{"rendered":"<p>Buse de pistolet de pulv\u00e9risation \u00e9lectrostatique, r\u00e9sistance \u00e0 haute temp\u00e9rature, r\u00e9sistance au frottement, isolation, surface lisse sans accumulation de poudre, durable.Compatible avec la plupart des pistolets \u00e0 poudre \u00e9lectrostatiques. Accessoires de pi\u00e8ces de pistolet \u00e9lectrostatique.<\/p>\n","protected":false},"featured_media":2938,"comment_status":"open","ping_status":"closed","template":"","meta":[],"product_cat":[23],"product_tag":[],"_links":{"self":[{"href":"https:\/\/renoprofi.com\/index.php\/wp-json\/wp\/v2\/product\/2721"}],"collection":[{"href":"https:\/\/renoprofi.com\/index.php\/wp-json\/wp\/v2\/product"}],"about":[{"href":"https:\/\/renoprofi.com\/index.php\/wp-json\/wp\/v2\/types\/product"}],"replies":[{"embeddable":true,"href":"https:\/\/renoprofi.com\/index.php\/wp-json\/wp\/v2\/comments?post=2721"}],"version-history":[{"count":1,"href":"https:\/\/renoprofi.com\/index.php\/wp-json\/wp\/v2\/product\/2721\/revisions"}],"predecessor-version":[{"id":2723,"href":"https:\/\/renoprofi.com\/index.php\/wp-json\/wp\/v2\/product\/2721\/revisions\/2723"}],"wp:featuredmedia":[{"embeddable":true,"href":"https:\/\/renoprofi.com\/index.php\/wp-json\/wp\/v2\/media\/2938"}],"wp:attachment":[{"href":"https:\/\/renoprofi.com\/index.php\/wp-json\/wp\/v2\/media?parent=2721"}],"wp:term":[{"taxonomy":"product_cat","embeddable":true,"href":"https:\/\/renoprofi.com\/index.php\/wp-json\/wp\/v2\/product_cat?post=2721"},{"taxonomy":"product_tag","embeddable":true,"href":"https:\/\/renoprofi.com\/index.php\/wp-json\/wp\/v2\/product_tag?post=2721"}],"curies":[{"name":"wp","href":"https:\/\/api.w.org\/{rel}","templated":true}]}}