{"id":1265,"date":"2021-07-26T10:51:56","date_gmt":"2021-07-26T10:51:56","guid":{"rendered":"https:\/\/mazo.wprdx.com\/solar\/?page_id=1265"},"modified":"2024-04-16T13:23:53","modified_gmt":"2024-04-16T11:23:53","slug":"about-us","status":"publish","type":"page","link":"https:\/\/renoprofi.com\/index.php\/about-us\/","title":{"rendered":"About Us"},"content":{"rendered":"\t\t<div data-elementor-type=\"wp-page\" data-elementor-id=\"1265\" class=\"elementor elementor-1265\" data-elementor-post-type=\"page\">\n\t\t\t\t\t\t<section class=\"elementor-section elementor-top-section elementor-element elementor-element-d6606bc elementor-section-full_width elementor-section-height-default elementor-section-height-default\" data-id=\"d6606bc\" data-element_type=\"section\" data-settings=\"{&quot;ekit_has_onepagescroll_dot&quot;:&quot;yes&quot;}\">\n\t\t\t\t\t\t<div class=\"elementor-container elementor-column-gap-custom\">\n\t\t\t\t\t<div class=\"elementor-column elementor-col-100 elementor-top-column elementor-element elementor-element-5b443bf\" data-id=\"5b443bf\" data-element_type=\"column\">\n\t\t\t<div class=\"elementor-widget-wrap elementor-element-populated\">\n\t\t\t\t\t\t<div class=\"elementor-element elementor-element-43643f9 elementor-widget elementor-widget-dz-content-box-10\" data-id=\"43643f9\" data-element_type=\"widget\" data-settings=\"{&quot;ekit_we_effect_on&quot;:&quot;none&quot;}\" data-widget_type=\"dz-content-box-10.default\">\n\t\t\t\t<div class=\"elementor-widget-container\">\n\t\t\t\t\t<!-- About Us -->\r\n<section class=\"content-inner line-img section-title style-2\" data-name=\"About Us\" id=\"DZContentBoxElement10\">\r\n\t<div class=\"container\">\r\n\t\t\t\t\t<div class=\"section-head style-1 text-center\">\r\n\t\t\t\t<h2 class=\"title\">\r\n\t\t\t\t\tRENOPROFI \t\t\t\t<\/h2>\r\n\t\t\t\t<div class=\"dz-separator style-1 text-primary\"><\/div>\r\n\t\t\t\t\r\n\t\t\t\t\t\t\t\t\t<p>\r\n\t\t\t\t\t\tRENOPROFI soci\u00e9t\u00e9 expert en Thermolaquage et le  rev\u00eatement de surface.\nAnsi que l'importation, distribution, installation et r\u00e9paration des pistolets de peinture \u00c9LECTROSTATIQUE ( PISTOLETS DE PEINTURES MANUELS avec effet \u00e9lectrostatique et un faible brouillard de peinture),\nNous fournissons \u00e9galement tout le mat\u00e9riel n\u00e9cessaire: les accessoires et outils pour appliquer la peinture de la mani\u00e8re la plus efficace.\n\t\t\t\t\t<\/p>\r\n\t\t\t\t\t\t\t<\/div>\r\n\t\t\t\t\r\n\t\t<div class=\"row align-items-center about-bx6\">\r\n\t\t\t\t\t\t\t<div class=\"col-lg-6 m-b30\">\r\n\t\t\t\t\t<div class=\"dz-media\">\r\n\t\t\t\t\t\t<img decoding=\"async\" src=\"https:\/\/renoprofi.com\/wp-content\/uploads\/2023\/11\/1601353339659.jpg\" alt=\"Image\" class=\"img1 aos-item\" data-aos=\"fade-down\" data-aos-duration=\"800\" data-aos-delay=\"400\">\r\n\t\t\t\t\t\t<div class=\"img2  aos-item\" data-aos=\"fade-up\" data-aos-duration=\"800\" data-aos-delay=\"200\">\r\n\t\t\t\t\t\t\t<img decoding=\"async\" src=\"https:\/\/renoprofi.com\/wp-content\/uploads\/2023\/11\/1601353339659.jpg\" alt=\"Image\">\r\n\t\t\t\t\t\t<\/div>\r\n\t\t\t\t\t<\/div>\r\n\t\t\t\t<\/div>\r\n\t\t\t\t\t\t\r\n\t\t\t<div class=\"col-lg-6 m-b30\">\r\n\t\t\t\t\t\t\t\t\t<h4 class=\"title\">\r\n\t\t\t\t\t\tC'EST QUOI LE THERMOLAQUAGE ?\t\t\t\t\t<\/h4>\r\n\t\t\t\t\t\t\t\t\r\n\t\t\t\t<div class=\"year-exp2 shadow m-b30\">\r\n\t\t\t\t\t\t\t\t\t\t\r\n\t\t\t\t\t\t\t\t\t<\/div>\r\n\t\t\t\t\r\n\t\t\t\t\t\t\t\t\t<p> La technique du thermolaquage est un traitement sp\u00e9cifique r\u00e9serv\u00e9 aux mat\u00e9riaux en m\u00e9tal comme des pi\u00e8ces m\u00e9talliques ou en aluminium brut. On pulv\u00e9rise une peinture en poudre charg\u00e9e en \u00e9lectricit\u00e9 statique qui va naturellement se d\u00e9poser (\u00e0 la mani\u00e8re de petits aimants) sur toute la surface de la pi\u00e8ce.\t\t\t\t\t\t\t\t\r\n\t\t\t\t\t\t\t<\/div>\r\n\t\t\t\r\n\t\t\t\r\n\t\t<\/div>\r\n\t<\/div>\r\n\t<div class=\"bg-wind\">\r\n\t\t<div class=\"bg-wind-bx\">\r\n\t\t\t<img decoding=\"async\" width=\"65\" height=\"672\" src=\"https:\/\/renoprofi.com\/wp-content\/themes\/mazo\/assets\/images\/background\/wind-pic1.png\" alt=\"Image\">\r\n\t\t\t<div class=\"wind-rotate\"><img fetchpriority=\"high\" decoding=\"async\" width=\"820\" height=\"820\" src=\"https:\/\/renoprofi.com\/wp-content\/themes\/mazo\/assets\/images\/background\/wind-pic2.png\" alt=\"Image\"><\/div>\r\n\t\t<\/div>\t\r\n\t\t<div class=\"bg-wind-bx wind-bx-2\">\r\n\t\t\t<img decoding=\"async\" width=\"65\" height=\"672\" src=\"https:\/\/renoprofi.com\/wp-content\/themes\/mazo\/assets\/images\/background\/wind-pic1.png\" alt=\"Image\">\r\n\t\t\t<div class=\"wind-rotate\"><img fetchpriority=\"high\" decoding=\"async\" width=\"820\" height=\"820\" src=\"https:\/\/renoprofi.com\/wp-content\/themes\/mazo\/assets\/images\/background\/wind-pic2.png\" alt=\"Image\"><\/div>\r\n\t\t<\/div>\t\r\n\t\t<div class=\"bg-wind-bx wind-bx-3\">\r\n\t\t\t<img decoding=\"async\" width=\"65\" height=\"672\" src=\"https:\/\/renoprofi.com\/wp-content\/themes\/mazo\/assets\/images\/background\/wind-pic1.png\" alt=\"Image\">\r\n\t\t\t<div class=\"wind-rotate\"><img fetchpriority=\"high\" decoding=\"async\" width=\"820\" height=\"820\" src=\"https:\/\/renoprofi.com\/wp-content\/themes\/mazo\/assets\/images\/background\/wind-pic2.png\" alt=\"Image\"><\/div>\r\n\t\t<\/div>\t\r\n\t<\/div>\r\n<\/section>\t\t\t\t<\/div>\n\t\t\t\t<\/div>\n\t\t\t\t<div class=\"elementor-element elementor-element-34c4b17 elementor-widget elementor-widget-heading\" data-id=\"34c4b17\" data-element_type=\"widget\" data-settings=\"{&quot;ekit_we_effect_on&quot;:&quot;none&quot;}\" data-widget_type=\"heading.default\">\n\t\t\t\t<div class=\"elementor-widget-container\">\n\t\t\t\t\t<h2 class=\"elementor-heading-title elementor-size-xl\">LA THECHNIQUE DE THERMOLAQUAGE<\/h2>\t\t\t\t<\/div>\n\t\t\t\t<\/div>\n\t\t\t\t<div class=\"elementor-element elementor-element-c8e03d7 elementor-widget elementor-widget-text-editor\" data-id=\"c8e03d7\" data-element_type=\"widget\" data-settings=\"{&quot;ekit_we_effect_on&quot;:&quot;none&quot;}\" data-widget_type=\"text-editor.default\">\n\t\t\t\t<div class=\"elementor-widget-container\">\n\t\t\t\t\t\t\t\t\t<p><strong><span style=\"vertical-align: inherit;\"><span style=\"vertical-align: inherit;\"><span style=\"vertical-align: inherit;\"><span style=\"vertical-align: inherit;\"><span style=\"vertical-align: inherit;\"><span style=\"vertical-align: inherit;\">Le thermolaquage est un proc\u00e9d\u00e9 de traitement de surface des m\u00e9taux ferreux ou non ferreux, notamment les\u00a0 <\/span><\/span><\/span><\/span><\/span><\/span><a href=\"https:\/\/www.texabri.com\/la-galvanisation-a-chaud-decryptage\/\"><span style=\"vertical-align: inherit;\"><span style=\"vertical-align: inherit;\"><span style=\"vertical-align: inherit;\"><span style=\"vertical-align: inherit;\"><span style=\"vertical-align: inherit;\"><span style=\"vertical-align: inherit;\">aciers galvanis\u00e9s<\/span><\/span><\/span><\/span><\/span><\/span><\/a><span style=\"vertical-align: inherit;\"><span style=\"vertical-align: inherit;\"><span style=\"vertical-align: inherit;\"><span style=\"vertical-align: inherit;\"><span style=\"vertical-align: inherit;\"><span style=\"vertical-align: inherit;\"> . <\/span><\/span><\/span><\/span><\/span><span style=\"vertical-align: inherit;\"><span style=\"vertical-align: inherit;\"><span style=\"vertical-align: inherit;\"><span style=\"vertical-align: inherit;\"><span style=\"vertical-align: inherit;\">Il consiste \u00e0 appliquer de la peinture en poudre sur des supports m\u00e9talliques, par un proc\u00e9d\u00e9 \u00e9lectrostatique.<\/span><\/span><\/span><\/span><\/span><\/span><\/strong><\/p><p><strong><span style=\"vertical-align: inherit;\"><span style=\"vertical-align: inherit;\"><span style=\"vertical-align: inherit;\"><span style=\"vertical-align: inherit;\"><span style=\"vertical-align: inherit;\"><span style=\"vertical-align: inherit;\">Pr\u00e9alablement \u00e0 l&#8217;application de peinture, il est n\u00e9cessaire de pr\u00e9parer les supports : l&#8217;\u00e9tape du d\u00e9rochage consiste \u00e0 les traiter m\u00e9caniquement et chimiquement. <\/span><\/span><\/span><\/span><\/span><span style=\"vertical-align: inherit;\"><span style=\"vertical-align: inherit;\"><span style=\"vertical-align: inherit;\"><span style=\"vertical-align: inherit;\"><span style=\"vertical-align: inherit;\">Ils passent ensuite par plusieurs phases de rin\u00e7age, d&#8217;\u00e9gouttage et de s\u00e9chage.<\/span><\/span><\/span><\/span><\/span><\/span><\/strong><\/p><p><strong><span style=\"vertical-align: inherit;\"><span style=\"vertical-align: inherit;\"><span style=\"vertical-align: inherit;\"><span style=\"vertical-align: inherit;\"><span style=\"vertical-align: inherit;\"><span style=\"vertical-align: inherit;\">A ce stade, les pi\u00e8ces sont pr\u00eates \u00e0 recevoir la peinture : de fines particules de poudre, charg\u00e9es positivement, sont projet\u00e9es au pistolet \u00e9lectrostatique et sont attir\u00e9es par la pi\u00e8ce \u00e0 peindre qui poss\u00e8de une charge n\u00e9gative. <\/span><\/span><\/span><\/span><\/span><span style=\"vertical-align: inherit;\"><span style=\"vertical-align: inherit;\"><span style=\"vertical-align: inherit;\"><span style=\"vertical-align: inherit;\"><span style=\"vertical-align: inherit;\">La poudre se r\u00e9partit ainsi.<\/span><\/span><\/span><\/span><\/span><\/span><\/strong><\/p><p><strong><span style=\"vertical-align: inherit;\"><span style=\"vertical-align: inherit;\"><span style=\"vertical-align: inherit;\"><span style=\"vertical-align: inherit;\"><span style=\"vertical-align: inherit;\"><span style=\"vertical-align: inherit;\">Apr\u00e8s poudrage, la pi\u00e8ce passe dans un four, entra\u00eenant, sous l&#8217;effet de la chaleur, la polym\u00e9risation de la peinture. <\/span><\/span><\/span><\/span><\/span><span style=\"vertical-align: inherit;\"><span style=\"vertical-align: inherit;\"><span style=\"vertical-align: inherit;\"><span style=\"vertical-align: inherit;\"><span style=\"vertical-align: inherit;\">Cette \u00e9tape permet le durcissement et la stabilisation de la peinture similaire sur la pi\u00e8ce.<\/span><\/span><\/span><\/span><\/span><\/span><\/strong><\/p>\t\t\t\t\t\t\t\t<\/div>\n\t\t\t\t<\/div>\n\t\t\t\t<div class=\"elementor-element elementor-element-ab928b8 elementor-widget elementor-widget-heading\" data-id=\"ab928b8\" data-element_type=\"widget\" data-settings=\"{&quot;ekit_we_effect_on&quot;:&quot;none&quot;}\" data-widget_type=\"heading.default\">\n\t\t\t\t<div class=\"elementor-widget-container\">\n\t\t\t\t\t<h2 class=\"elementor-heading-title elementor-size-xl\">AVANTAGES DU THERMOLAQUAGE <\/h2>\t\t\t\t<\/div>\n\t\t\t\t<\/div>\n\t\t\t\t\t<\/div>\n\t\t<\/div>\n\t\t\t\t\t<\/div>\n\t\t<\/section>\n\t\t\t\t<section class=\"elementor-section elementor-top-section elementor-element elementor-element-aa27bc8 elementor-section-full_width elementor-section-height-default elementor-section-height-default\" data-id=\"aa27bc8\" data-element_type=\"section\" data-settings=\"{&quot;ekit_has_onepagescroll_dot&quot;:&quot;yes&quot;}\">\n\t\t\t\t\t\t<div class=\"elementor-container elementor-column-gap-custom\">\n\t\t\t\t\t<div class=\"elementor-column elementor-col-100 elementor-top-column elementor-element elementor-element-1872220\" data-id=\"1872220\" data-element_type=\"column\">\n\t\t\t<div class=\"elementor-widget-wrap elementor-element-populated\">\n\t\t\t\t\t\t<div class=\"elementor-element elementor-element-9fe3bbd elementor-widget elementor-widget-text-editor\" data-id=\"9fe3bbd\" data-element_type=\"widget\" data-settings=\"{&quot;ekit_we_effect_on&quot;:&quot;none&quot;}\" data-widget_type=\"text-editor.default\">\n\t\t\t\t<div class=\"elementor-widget-container\">\n\t\t\t\t\t\t\t\t\t<p><span style=\"vertical-align: inherit;\"><span style=\"vertical-align: inherit;\"><span style=\"vertical-align: inherit;\"><span style=\"vertical-align: inherit;\">Cette technique utilis\u00e9e pour le rev\u00eatement et la protection des m\u00e9taux poss\u00e8de des propri\u00e9t\u00e9s int\u00e9ressantes qui ont contribu\u00e9 \u00e0 sa d\u00e9mocratisation<\/span><\/span><\/span><\/span><\/p><ul><li><span style=\"vertical-align: inherit;\"><span style=\"vertical-align: inherit;\"><span style=\"vertical-align: inherit;\"><span style=\"vertical-align: inherit;\">le poudrage \u00e9lectrostatique permet d&#8217;obtenir des effets int\u00e9ressants et originaux sur les mat\u00e9riaux, comme un\u00a0 <\/span><\/span><\/span><\/span><strong><span style=\"vertical-align: inherit;\"><span style=\"vertical-align: inherit;\"><span style=\"vertical-align: inherit;\"><span style=\"vertical-align: inherit;\">effet m\u00e9tallis\u00e9<\/span><\/span><\/span><\/span><\/strong><span style=\"vertical-align: inherit;\"><span style=\"vertical-align: inherit;\"><span style=\"vertical-align: inherit;\"><span style=\"vertical-align: inherit;\"> , un\u00a0 <\/span><\/span><\/span><\/span><strong><span style=\"vertical-align: inherit;\"><span style=\"vertical-align: inherit;\"><span style=\"vertical-align: inherit;\"><span style=\"vertical-align: inherit;\">effet textur\u00e9<\/span><\/span><\/span><\/span><\/strong><span style=\"vertical-align: inherit;\"><span style=\"vertical-align: inherit;\"><span style=\"vertical-align: inherit;\"><span style=\"vertical-align: inherit;\"> ou encore un\u00a0 <\/span><\/span><\/span><\/span><strong><span style=\"vertical-align: inherit;\"><span style=\"vertical-align: inherit;\"><span style=\"vertical-align: inherit;\"><span style=\"vertical-align: inherit;\">effet sabl\u00e9<\/span><\/span><\/span><\/span><\/strong><span style=\"vertical-align: inherit;\"><span style=\"vertical-align: inherit;\"><span style=\"vertical-align: inherit;\"><span style=\"vertical-align: inherit;\"> \u00a0;<\/span><\/span><\/span><\/span><\/li><li><span style=\"vertical-align: inherit;\"><span style=\"vertical-align: inherit;\"><span style=\"vertical-align: inherit;\"><span style=\"vertical-align: inherit;\">la surface peinte poss\u00e8de une duret\u00e9 sup\u00e9rieure ce qui lui conf\u00e8re une\u00a0 <\/span><\/span><\/span><\/span><strong><span style=\"vertical-align: inherit;\"><span style=\"vertical-align: inherit;\"><span style=\"vertical-align: inherit;\"><span style=\"vertical-align: inherit;\">meilleure r\u00e9sistance aux chocs<\/span><\/span><\/span><\/span><\/strong><span style=\"vertical-align: inherit;\"><span style=\"vertical-align: inherit;\"><span style=\"vertical-align: inherit;\"><span style=\"vertical-align: inherit;\"> ;<\/span><\/span><\/span><\/span><\/li><li><strong><span style=\"vertical-align: inherit;\"><span style=\"vertical-align: inherit;\"><span style=\"vertical-align: inherit;\"><span style=\"vertical-align: inherit;\">la surface thermolaqu\u00e9e r\u00e9siste mieux \u00e0 la corrosion<\/span><\/span><\/span><\/span><\/strong><span style=\"vertical-align: inherit;\"><span style=\"vertical-align: inherit;\"><span style=\"vertical-align: inherit;\"><span style=\"vertical-align: inherit;\"> si on la compare avec une autre surface utilisant une peinture classique avec des solvants ;<\/span><\/span><\/span><\/span><\/li><li><span style=\"vertical-align: inherit;\"><span style=\"vertical-align: inherit;\"><span style=\"vertical-align: inherit;\"><span style=\"vertical-align: inherit;\">les couleurs respectent plus longtemps avec la technique de thermolaquage, elles sont moins sensibles aux agressions des \u00e9l\u00e9ments ext\u00e9rieurs comme les rayons du soleil, l&#8217;humidit\u00e9 ou encore le sel ;<\/span><\/span><\/span><\/span><\/li><li><strong><span style=\"vertical-align: inherit;\"><span style=\"vertical-align: inherit;\"><span style=\"vertical-align: inherit;\"><span style=\"vertical-align: inherit;\">une pi\u00e8ce en m\u00e9tal thermolaqu\u00e9e pr\u00e9sente une surface uniforme<\/span><\/span><\/span><\/span><\/strong><span style=\"vertical-align: inherit;\"><span style=\"vertical-align: inherit;\"><span style=\"vertical-align: inherit;\"><span style=\"vertical-align: inherit;\"> , il n&#8217;y a pas de probl\u00e8mes de coulures souvent rencontr\u00e9s en utilisant une peinture avec solvant. <\/span><\/span><\/span><span style=\"vertical-align: inherit;\"><span style=\"vertical-align: inherit;\"><span style=\"vertical-align: inherit;\">De m\u00eame, l&#8217;\u00e9paisseur de la couche de peinture reste la m\u00eame sur toute la surface de la pi\u00e8ce en alu ou en m\u00e9tal ;<\/span><\/span><\/span><\/span><\/li><li><span style=\"vertical-align: inherit;\"><span style=\"vertical-align: inherit;\"><span style=\"vertical-align: inherit;\"><span style=\"vertical-align: inherit;\">L&#8217;application d&#8217;une laque avec traitement thermique offre un choix de couleurs beaucoup plus important qu&#8217;avec les processus d&#8217;application plus anciens.<\/span><\/span><\/span><\/span><\/li><li>\u00a0<\/li><\/ul>\t\t\t\t\t\t\t\t<\/div>\n\t\t\t\t<\/div>\n\t\t\t\t<div class=\"elementor-element elementor-element-258b034 elementor-widget elementor-widget-heading\" data-id=\"258b034\" data-element_type=\"widget\" data-settings=\"{&quot;ekit_we_effect_on&quot;:&quot;none&quot;}\" data-widget_type=\"heading.default\">\n\t\t\t\t<div class=\"elementor-widget-container\">\n\t\t\t\t\t<h2 class=\"elementor-heading-title elementor-size-default\">COMBIEN DE TEMPS DURE LE REVETEMENT EN POUDRE ?<\/h2>\t\t\t\t<\/div>\n\t\t\t\t<\/div>\n\t\t\t\t<div class=\"elementor-element elementor-element-262f4ec elementor-widget elementor-widget-text-editor\" data-id=\"262f4ec\" data-element_type=\"widget\" data-settings=\"{&quot;ekit_we_effect_on&quot;:&quot;none&quot;}\" data-widget_type=\"text-editor.default\">\n\t\t\t\t<div class=\"elementor-widget-container\">\n\t\t\t\t\t\t\t\t\t<p><span style=\"vertical-align: inherit;\"><span style=\"vertical-align: inherit;\">Le rev\u00eatement en poudre peut durer jusqu&#8217;\u00e0 40 ans selon la pr\u00e9paration, le type de rev\u00eatement utilis\u00e9, les mat\u00e9riaux et le proc\u00e9d\u00e9 de traitement. <\/span><span style=\"vertical-align: inherit;\">Bien que la plupart des rev\u00eatements en poudre soient tr\u00e8s durables, r\u00e9sistants aux intemp\u00e9ries et offrent des ann\u00e9es d&#8217;utilisation intensive, certains facteurs peuvent acc\u00e9l\u00e9rer consid\u00e9rablement la fabrication et les performances.<\/span><\/span><\/p><p>Les \u00e9poxy sont largement utilis\u00e9s pour leur excellente durabilit\u00e9 et leur r\u00e9sistance \u00e0 la corrosion et aux produits chimiques.\u00a0L&#8217;\u00e9poxy offre une forte adh\u00e9rence aux m\u00e9taux et peut \u00eatre utilis\u00e9 comme appr\u00eat sous les couches de finition.\u00a0Ce type de rev\u00eatement doit \u00eatre utilis\u00e9 uniquement pour les applications int\u00e9rieures, car une exposition constante aux ultraviolets (UV) peut provoquer une d\u00e9coloration et une d\u00e9t\u00e9rioration.<\/p>\t\t\t\t\t\t\t\t<\/div>\n\t\t\t\t<\/div>\n\t\t\t\t\t<\/div>\n\t\t<\/div>\n\t\t\t\t\t<\/div>\n\t\t<\/section>\n\t\t\t\t<\/div>\n\t\t","protected":false},"excerpt":{"rendered":"<p>RENOPROFI RENOPROFI soci\u00e9t\u00e9 expert en Thermolaquage et le rev\u00eatement de surface. Ansi que l&#8217;importation, distribution, installation et r\u00e9paration des pistolets de peinture \u00c9LECTROSTATIQUE ( PISTOLETS DE PEINTURES MANUELS avec effet \u00e9lectrostatique et un faible brouillard de peinture), Nous fournissons \u00e9galement tout le mat\u00e9riel n\u00e9cessaire: les accessoires et outils pour appliquer la peinture de la mani\u00e8re <\/p>\n","protected":false},"author":1,"featured_media":0,"parent":0,"menu_order":0,"comment_status":"closed","ping_status":"closed","template":"mazo_homepage.php","meta":{"footnotes":""},"_links":{"self":[{"href":"https:\/\/renoprofi.com\/index.php\/wp-json\/wp\/v2\/pages\/1265"}],"collection":[{"href":"https:\/\/renoprofi.com\/index.php\/wp-json\/wp\/v2\/pages"}],"about":[{"href":"https:\/\/renoprofi.com\/index.php\/wp-json\/wp\/v2\/types\/page"}],"author":[{"embeddable":true,"href":"https:\/\/renoprofi.com\/index.php\/wp-json\/wp\/v2\/users\/1"}],"replies":[{"embeddable":true,"href":"https:\/\/renoprofi.com\/index.php\/wp-json\/wp\/v2\/comments?post=1265"}],"version-history":[{"count":39,"href":"https:\/\/renoprofi.com\/index.php\/wp-json\/wp\/v2\/pages\/1265\/revisions"}],"predecessor-version":[{"id":2955,"href":"https:\/\/renoprofi.com\/index.php\/wp-json\/wp\/v2\/pages\/1265\/revisions\/2955"}],"wp:attachment":[{"href":"https:\/\/renoprofi.com\/index.php\/wp-json\/wp\/v2\/media?parent=1265"}],"curies":[{"name":"wp","href":"https:\/\/api.w.org\/{rel}","templated":true}]}}